{"id":18,"date":"2025-05-02T17:46:38","date_gmt":"2025-05-02T17:46:38","guid":{"rendered":"https:\/\/lasourdine.ch\/?page_id=18"},"modified":"2025-05-10T08:54:36","modified_gmt":"2025-05-10T08:54:36","slug":"la-sourdine-accueil","status":"publish","type":"page","link":"https:\/\/lasourdine.ch\/","title":{"rendered":"La Sourdine &#8211; Accueil"},"content":{"rendered":"\t\t<div data-elementor-type=\"wp-page\" data-elementor-id=\"18\" class=\"elementor elementor-18\" data-elementor-post-type=\"page\">\n\t\t\t\t<div class=\"elementor-element elementor-element-3ff8a101 e-con-full e-flex e-con e-parent\" data-id=\"3ff8a101\" data-element_type=\"container\" data-e-type=\"container\">\n\t\t\t\t<div class=\"elementor-element elementor-element-708fc7a elementor-widget elementor-widget-ucaddon_transparent_split_hero\" data-id=\"708fc7a\" data-element_type=\"widget\" data-e-type=\"widget\" data-widget_type=\"ucaddon_transparent_split_hero.default\">\n\t\t\t\t<div class=\"elementor-widget-container\">\n\t\t\t\t\t\n<!-- start Transparent Split Hero -->\n\t\t<link id='uc_ac_assets_file_uc_photography_header_css_0-css' href='https:\/\/lasourdine.ch\/wp-content\/uploads\/ac_assets\/uc_photography_header\/uc_photography_header.css' type='text\/css' rel='stylesheet' >\n\n<style>\/* widget: Transparent Split Hero *\/\n\n.uc_photography_header *{\n\tmargin:0;\n\tpadding:0;\n\t-webkit-box-sizing: border-box;\n\t-moz-box-sizing: border-box;\n\tbox-sizing: border-box;\n\t\n}\n#uc_transparent_split_hero_elementor_708fc7a\n{\n\tposition:relative;\n\twidth:100%;\n    background-position:center;\n    background-size:cover;\n    background-image:url(https:\/\/lasourdine.ch\/wp-content\/uploads\/2025\/05\/Photo-02.04.25-19-49-36.webp);\n    display:flex;\n    overflow:hidden;\n    \n}\n\n#uc_transparent_split_hero_elementor_708fc7a > div\n{\n  height:100%;\n  display:flex;\n    align-items:center;\n}\n\n.uc_photography_header .uc_container_text_box{ \n  text-align:center;\n}\n.uc_photography_header .uc_subtitle\n{\n  font-size:42px;\n}\n\t\n.uc_photography_header .uc_container_text_box a{\n\tborder-style:solid;\n\tdisplay:inline-block;\n}\n\n<\/style>\n\n<div class=\"uc_photography_header\" id=\"uc_transparent_split_hero_elementor_708fc7a\">    \t      \n  <div class=\"uc_container_text_box\">  \n  <div>\n                <div class=\"uc_title\"><\/div>        <div class=\"uc_subtitle\">Bienvenue \u00e0 La Sourdine<\/div>        <div class=\"uc_text\">Restauration conviviale & service traiteur aux saveurs suisses et mauriciennes\n<\/div>            <\/div>\n  <\/div>\n<\/div>\n<!-- end Transparent Split Hero -->\t\t\t\t<\/div>\n\t\t\t\t<\/div>\n\t\t\t\t<\/div>\n\t\t<div class=\"elementor-element elementor-element-3d377f13 e-flex e-con-boxed e-con e-parent\" data-id=\"3d377f13\" data-element_type=\"container\" data-e-type=\"container\">\n\t\t\t\t\t<div class=\"e-con-inner\">\n\t\t<div class=\"elementor-element elementor-element-3018668f e-con-full e-flex e-con e-child\" data-id=\"3018668f\" data-element_type=\"container\" data-e-type=\"container\">\n\t\t<div class=\"elementor-element elementor-element-5a9c6390 e-con-full e-flex e-con e-child\" data-id=\"5a9c6390\" data-element_type=\"container\" data-e-type=\"container\">\n\t\t\t\t<div class=\"elementor-element elementor-element-250d3f66 elementor-widget__width-inherit elementor-widget elementor-widget-image\" data-id=\"250d3f66\" data-element_type=\"widget\" data-e-type=\"widget\" data-settings=\"{&quot;_animation&quot;:&quot;none&quot;,&quot;_animation_delay&quot;:600}\" data-widget_type=\"image.default\">\n\t\t\t\t<div class=\"elementor-widget-container\">\n\t\t\t\t\t\t\t\t\t\t\t\t\t\t\t<img fetchpriority=\"high\" decoding=\"async\" width=\"1741\" height=\"1800\" src=\"https:\/\/lasourdine.ch\/wp-content\/uploads\/2025\/05\/Photo-21.04.25-16-45-29-1-1.webp\" class=\"attachment-full size-full wp-image-99\" alt=\"\" srcset=\"https:\/\/lasourdine.ch\/wp-content\/uploads\/2025\/05\/Photo-21.04.25-16-45-29-1-1.webp 1741w, https:\/\/lasourdine.ch\/wp-content\/uploads\/2025\/05\/Photo-21.04.25-16-45-29-1-1-290x300.webp 290w, https:\/\/lasourdine.ch\/wp-content\/uploads\/2025\/05\/Photo-21.04.25-16-45-29-1-1-990x1024.webp 990w, https:\/\/lasourdine.ch\/wp-content\/uploads\/2025\/05\/Photo-21.04.25-16-45-29-1-1-768x794.webp 768w, https:\/\/lasourdine.ch\/wp-content\/uploads\/2025\/05\/Photo-21.04.25-16-45-29-1-1-1486x1536.webp 1486w\" sizes=\"(max-width: 1741px) 100vw, 1741px\" \/>\t\t\t\t\t\t\t\t\t\t\t\t\t\t\t<\/div>\n\t\t\t\t<\/div>\n\t\t\t\t<div class=\"elementor-element elementor-element-33d1298 elementor-widget elementor-widget-image\" data-id=\"33d1298\" data-element_type=\"widget\" data-e-type=\"widget\" data-settings=\"{&quot;_animation&quot;:&quot;none&quot;,&quot;_animation_delay&quot;:200}\" data-widget_type=\"image.default\">\n\t\t\t\t<div class=\"elementor-widget-container\">\n\t\t\t\t\t\t\t\t\t\t\t\t\t\t\t<img decoding=\"async\" width=\"1350\" height=\"1800\" src=\"https:\/\/lasourdine.ch\/wp-content\/uploads\/2025\/05\/Photo-05.04.25-13-20-40.webp\" class=\"attachment-full size-full wp-image-93\" alt=\"\" srcset=\"https:\/\/lasourdine.ch\/wp-content\/uploads\/2025\/05\/Photo-05.04.25-13-20-40.webp 1350w, https:\/\/lasourdine.ch\/wp-content\/uploads\/2025\/05\/Photo-05.04.25-13-20-40-225x300.webp 225w, https:\/\/lasourdine.ch\/wp-content\/uploads\/2025\/05\/Photo-05.04.25-13-20-40-768x1024.webp 768w, https:\/\/lasourdine.ch\/wp-content\/uploads\/2025\/05\/Photo-05.04.25-13-20-40-1152x1536.webp 1152w\" sizes=\"(max-width: 1350px) 100vw, 1350px\" \/>\t\t\t\t\t\t\t\t\t\t\t\t\t\t\t<\/div>\n\t\t\t\t<\/div>\n\t\t\t\t<\/div>\n\t\t<div class=\"elementor-element elementor-element-4edab805 e-con-full e-flex e-con e-child\" data-id=\"4edab805\" data-element_type=\"container\" data-e-type=\"container\">\n\t\t\t\t<div class=\"elementor-element elementor-element-72430fb elementor-widget elementor-widget-image\" data-id=\"72430fb\" data-element_type=\"widget\" data-e-type=\"widget\" data-settings=\"{&quot;_animation&quot;:&quot;none&quot;,&quot;_animation_delay&quot;:200}\" data-widget_type=\"image.default\">\n\t\t\t\t<div class=\"elementor-widget-container\">\n\t\t\t\t\t\t\t\t\t\t\t\t\t\t\t<img decoding=\"async\" width=\"1633\" height=\"1800\" src=\"https:\/\/lasourdine.ch\/wp-content\/uploads\/2025\/05\/Photo-21.04.25-16-45-29-4.webp\" class=\"attachment-full size-full wp-image-102\" alt=\"\" srcset=\"https:\/\/lasourdine.ch\/wp-content\/uploads\/2025\/05\/Photo-21.04.25-16-45-29-4.webp 1633w, https:\/\/lasourdine.ch\/wp-content\/uploads\/2025\/05\/Photo-21.04.25-16-45-29-4-272x300.webp 272w, https:\/\/lasourdine.ch\/wp-content\/uploads\/2025\/05\/Photo-21.04.25-16-45-29-4-929x1024.webp 929w, https:\/\/lasourdine.ch\/wp-content\/uploads\/2025\/05\/Photo-21.04.25-16-45-29-4-768x847.webp 768w, https:\/\/lasourdine.ch\/wp-content\/uploads\/2025\/05\/Photo-21.04.25-16-45-29-4-1393x1536.webp 1393w\" sizes=\"(max-width: 1633px) 100vw, 1633px\" \/>\t\t\t\t\t\t\t\t\t\t\t\t\t\t\t<\/div>\n\t\t\t\t<\/div>\n\t\t\t\t<div class=\"elementor-element elementor-element-3c1236b0 elementor-widget__width-inherit elementor-widget elementor-widget-image\" data-id=\"3c1236b0\" data-element_type=\"widget\" data-e-type=\"widget\" data-settings=\"{&quot;_animation&quot;:&quot;none&quot;,&quot;_animation_delay&quot;:600}\" data-widget_type=\"image.default\">\n\t\t\t\t<div class=\"elementor-widget-container\">\n\t\t\t\t\t\t\t\t\t\t\t\t\t\t\t<img loading=\"lazy\" decoding=\"async\" width=\"1350\" height=\"1800\" src=\"https:\/\/lasourdine.ch\/wp-content\/uploads\/2025\/05\/Photo-05.04.25-13-20-23.webp\" class=\"attachment-full size-full wp-image-92\" alt=\"\" srcset=\"https:\/\/lasourdine.ch\/wp-content\/uploads\/2025\/05\/Photo-05.04.25-13-20-23.webp 1350w, https:\/\/lasourdine.ch\/wp-content\/uploads\/2025\/05\/Photo-05.04.25-13-20-23-225x300.webp 225w, https:\/\/lasourdine.ch\/wp-content\/uploads\/2025\/05\/Photo-05.04.25-13-20-23-768x1024.webp 768w, https:\/\/lasourdine.ch\/wp-content\/uploads\/2025\/05\/Photo-05.04.25-13-20-23-1152x1536.webp 1152w\" sizes=\"(max-width: 1350px) 100vw, 1350px\" \/>\t\t\t\t\t\t\t\t\t\t\t\t\t\t\t<\/div>\n\t\t\t\t<\/div>\n\t\t\t\t<\/div>\n\t\t\t\t<\/div>\n\t\t<div class=\"elementor-element elementor-element-4113ce17 e-con-full e-flex e-con e-child\" data-id=\"4113ce17\" data-element_type=\"container\" data-e-type=\"container\">\n\t\t\t\t<div class=\"elementor-element elementor-element-2cc78bd6 elementor-cta--layout-image-right elementor-cta--valign-middle elementor-cta--mobile-layout-image-above elementor-cta--skin-classic elementor-animated-content elementor-widget elementor-widget-call-to-action\" data-id=\"2cc78bd6\" data-element_type=\"widget\" data-e-type=\"widget\" data-widget_type=\"call-to-action.default\">\n\t\t\t\t<div class=\"elementor-widget-container\">\n\t\t\t\t\t\t\t<div class=\"elementor-cta\">\n\t\t\t\t\t\t\t<div class=\"elementor-cta__content\">\n\t\t\t\t\n\t\t\t\t\t\t\t\t\t<h2 class=\"elementor-cta__title elementor-cta__content-item elementor-content-item\">\n\t\t\t\t\t\tDeux exp\u00e9riences gourmandes s\u2019offrent \u00e0 vous\u200b\t\t\t\t\t<\/h2>\n\t\t\t\t\n\t\t\t\t\t\t\t\t\t<div class=\"elementor-cta__description elementor-cta__content-item elementor-content-item\">\n\t\t\t\t\t\tUn restaurant familial avec plats du jour et pizzas, et un traiteur aux saveurs suisses et mauriciennes pour vos \u00e9v\u00e9nements.\t\t\t\t\t<\/div>\n\t\t\t\t\n\t\t\t\t\t\t\t<\/div>\n\t\t\t\t\t\t<\/div>\n\t\t\t\t\t\t<\/div>\n\t\t\t\t<\/div>\n\t\t\t\t<div class=\"elementor-element elementor-element-17399bb elementor-align-center elementor-widget elementor-widget-button\" data-id=\"17399bb\" data-element_type=\"widget\" data-e-type=\"widget\" data-widget_type=\"button.default\">\n\t\t\t\t<div class=\"elementor-widget-container\">\n\t\t\t\t\t\t\t\t\t<div class=\"elementor-button-wrapper\">\n\t\t\t\t\t<a class=\"elementor-button elementor-button-link elementor-size-sm\" href=\"#univers\">\n\t\t\t\t\t\t<span class=\"elementor-button-content-wrapper\">\n\t\t\t\t\t\t\t\t\t<span class=\"elementor-button-text\">Choisissez votre univers !<\/span>\n\t\t\t\t\t<\/span>\n\t\t\t\t\t<\/a>\n\t\t\t\t<\/div>\n\t\t\t\t\t\t\t\t<\/div>\n\t\t\t\t<\/div>\n\t\t\t\t<\/div>\n\t\t\t\t\t<\/div>\n\t\t\t\t<\/div>\n\t\t<div class=\"elementor-element elementor-element-ebf72ea e-flex e-con-boxed e-con e-parent\" data-id=\"ebf72ea\" data-element_type=\"container\" data-e-type=\"container\" data-settings=\"{&quot;background_background&quot;:&quot;classic&quot;}\">\n\t\t\t\t\t<div class=\"e-con-inner\">\n\t\t\t\t<div class=\"elementor-element elementor-element-4519711 elementor-widget elementor-widget-menu-anchor\" data-id=\"4519711\" data-element_type=\"widget\" data-e-type=\"widget\" data-widget_type=\"menu-anchor.default\">\n\t\t\t\t<div class=\"elementor-widget-container\">\n\t\t\t\t\t\t\t<div class=\"elementor-menu-anchor\" id=\"univers\"><\/div>\n\t\t\t\t\t\t<\/div>\n\t\t\t\t<\/div>\n\t\t<div class=\"elementor-element elementor-element-ce1dcd3 e-con-full e-flex e-con e-child\" data-id=\"ce1dcd3\" data-element_type=\"container\" data-e-type=\"container\" data-settings=\"{&quot;background_background&quot;:&quot;classic&quot;}\">\n\t\t\t\t<div class=\"elementor-element elementor-element-a9fb0d8 elementor-widget elementor-widget-heading\" data-id=\"a9fb0d8\" data-element_type=\"widget\" data-e-type=\"widget\" data-widget_type=\"heading.default\">\n\t\t\t\t<div class=\"elementor-widget-container\">\n\t\t\t\t\t<h2 class=\"elementor-heading-title elementor-size-default\">Restaurant<\/h2>\t\t\t\t<\/div>\n\t\t\t\t<\/div>\n\t\t\t\t<div class=\"elementor-element elementor-element-d439abd elementor-widget elementor-widget-text-editor\" data-id=\"d439abd\" data-element_type=\"widget\" data-e-type=\"widget\" data-widget_type=\"text-editor.default\">\n\t\t\t\t<div class=\"elementor-widget-container\">\n\t\t\t\t\t\t\t\t\t<p>Plats du jour, pizzas &amp; suggestions vari\u00e9es<\/p>\t\t\t\t\t\t\t\t<\/div>\n\t\t\t\t<\/div>\n\t\t\t\t<div class=\"elementor-element elementor-element-efab10d elementor-widget elementor-widget-button\" data-id=\"efab10d\" data-element_type=\"widget\" data-e-type=\"widget\" data-widget_type=\"button.default\">\n\t\t\t\t<div class=\"elementor-widget-container\">\n\t\t\t\t\t\t\t\t\t<div class=\"elementor-button-wrapper\">\n\t\t\t\t\t<a class=\"elementor-button elementor-button-link elementor-size-sm\" href=\"https:\/\/restaurant.lasourdine.ch\">\n\t\t\t\t\t\t<span class=\"elementor-button-content-wrapper\">\n\t\t\t\t\t\t\t\t\t<span class=\"elementor-button-text\">D\u00e9couvrir notre restaurant<\/span>\n\t\t\t\t\t<\/span>\n\t\t\t\t\t<\/a>\n\t\t\t\t<\/div>\n\t\t\t\t\t\t\t\t<\/div>\n\t\t\t\t<\/div>\n\t\t\t\t<\/div>\n\t\t<div class=\"elementor-element elementor-element-e627098 e-con-full e-flex e-con e-child\" data-id=\"e627098\" data-element_type=\"container\" data-e-type=\"container\" data-settings=\"{&quot;background_background&quot;:&quot;classic&quot;}\">\n\t\t\t\t<div class=\"elementor-element elementor-element-de17bb4 elementor-widget elementor-widget-heading\" data-id=\"de17bb4\" data-element_type=\"widget\" data-e-type=\"widget\" data-widget_type=\"heading.default\">\n\t\t\t\t<div class=\"elementor-widget-container\">\n\t\t\t\t\t<h2 class=\"elementor-heading-title elementor-size-default\">Traiteur<\/h2>\t\t\t\t<\/div>\n\t\t\t\t<\/div>\n\t\t\t\t<div class=\"elementor-element elementor-element-13e8d3a elementor-widget elementor-widget-text-editor\" data-id=\"13e8d3a\" data-element_type=\"widget\" data-e-type=\"widget\" data-widget_type=\"text-editor.default\">\n\t\t\t\t<div class=\"elementor-widget-container\">\n\t\t\t\t\t\t\t\t\t<p>Saveurs suisses &amp; mauriciennes pour vos \u00e9v\u00e9nements<\/p>\t\t\t\t\t\t\t\t<\/div>\n\t\t\t\t<\/div>\n\t\t\t\t<div class=\"elementor-element elementor-element-9ab9a1e elementor-widget elementor-widget-button\" data-id=\"9ab9a1e\" data-element_type=\"widget\" data-e-type=\"widget\" data-widget_type=\"button.default\">\n\t\t\t\t<div class=\"elementor-widget-container\">\n\t\t\t\t\t\t\t\t\t<div class=\"elementor-button-wrapper\">\n\t\t\t\t\t<a class=\"elementor-button elementor-button-link elementor-size-sm\" href=\"https:\/\/traiteur.lasourdine.ch\">\n\t\t\t\t\t\t<span class=\"elementor-button-content-wrapper\">\n\t\t\t\t\t\t\t\t\t<span class=\"elementor-button-text\">D\u00e9couvrir le service traiteur<\/span>\n\t\t\t\t\t<\/span>\n\t\t\t\t\t<\/a>\n\t\t\t\t<\/div>\n\t\t\t\t\t\t\t\t<\/div>\n\t\t\t\t<\/div>\n\t\t\t\t<\/div>\n\t\t\t\t\t<\/div>\n\t\t\t\t<\/div>\n\t\t\t\t<\/div>\n\t\t","protected":false},"excerpt":{"rendered":"<p>Bienvenue \u00e0 La Sourdine Restauration conviviale &#038; service traiteur aux saveurs suisses et mauriciennes Deux exp\u00e9riences gourmandes s\u2019offrent \u00e0 vous\u200b Un restaurant familial avec plats du jour et pizzas, et un traiteur aux saveurs suisses et mauriciennes pour vos \u00e9v\u00e9nements. Choisissez votre univers ! Restaurant Plats du jour, pizzas &amp; suggestions vari\u00e9es D\u00e9couvrir notre restaurant [&hellip;]<\/p>\n","protected":false},"author":1,"featured_media":0,"parent":0,"menu_order":0,"comment_status":"closed","ping_status":"closed","template":"","meta":{"footnotes":""},"class_list":["post-18","page","type-page","status-publish","hentry"],"_links":{"self":[{"href":"https:\/\/lasourdine.ch\/index.php?rest_route=\/wp\/v2\/pages\/18","targetHints":{"allow":["GET"]}}],"collection":[{"href":"https:\/\/lasourdine.ch\/index.php?rest_route=\/wp\/v2\/pages"}],"about":[{"href":"https:\/\/lasourdine.ch\/index.php?rest_route=\/wp\/v2\/types\/page"}],"author":[{"embeddable":true,"href":"https:\/\/lasourdine.ch\/index.php?rest_route=\/wp\/v2\/users\/1"}],"replies":[{"embeddable":true,"href":"https:\/\/lasourdine.ch\/index.php?rest_route=%2Fwp%2Fv2%2Fcomments&post=18"}],"version-history":[{"count":52,"href":"https:\/\/lasourdine.ch\/index.php?rest_route=\/wp\/v2\/pages\/18\/revisions"}],"predecessor-version":[{"id":154,"href":"https:\/\/lasourdine.ch\/index.php?rest_route=\/wp\/v2\/pages\/18\/revisions\/154"}],"wp:attachment":[{"href":"https:\/\/lasourdine.ch\/index.php?rest_route=%2Fwp%2Fv2%2Fmedia&parent=18"}],"curies":[{"name":"wp","href":"https:\/\/api.w.org\/{rel}","templated":true}]}}